{"id":145,"date":"2015-11-20T08:34:51","date_gmt":"2015-11-20T08:34:51","guid":{"rendered":"http:\/\/unimetron.se\/wp\/?page_id=145"},"modified":"2024-12-11T22:21:56","modified_gmt":"2024-12-11T22:21:56","slug":"utveckling","status":"publish","type":"page","link":"https:\/\/unimetron.se\/wp\/?page_id=145","title":{"rendered":"Utveckling"},"content":{"rendered":"<div id=\"pl-145\"  class=\"panel-layout\" ><div id=\"pg-145-0\"  class=\"panel-grid panel-has-style\" ><div style=\"padding-top: 80px; padding-bottom: 80px; \" class=\"panel-row-style panel-row-style-for-145-0\" ><div id=\"pgc-145-0-0\"  class=\"panel-grid-cell panel-grid-cell-empty\" ><\/div><div id=\"pgc-145-0-1\"  class=\"panel-grid-cell\" ><div id=\"panel-145-0-1-0\" class=\"so-panel widget widget_sow-image panel-first-child panel-last-child\" data-index=\"0\" ><div\n\t\t\t\n\t\t\tclass=\"so-widget-sow-image so-widget-sow-image-default-8b5b6f678277-145\"\n\t\t\t\n\t\t>\n<div class=\"sow-image-container\">\n\t\t<img \n\tsrc=\"https:\/\/unimetron.se\/wp\/wp-content\/uploads\/2024\/11\/job-5382501_1280-600x771.jpg\" width=\"600\" height=\"771\" sizes=\"(max-width: 600px) 100vw, 600px\" alt=\"Utveckling\" \t\tclass=\"so-widget-image\"\/>\n\t<\/div>\n\n<\/div><\/div><\/div><div id=\"pgc-145-0-2\"  class=\"panel-grid-cell panel-grid-cell-empty\" ><\/div><div id=\"pgc-145-0-3\"  class=\"panel-grid-cell panel-grid-cell-mobile-last\" ><div id=\"panel-145-0-3-0\" class=\"so-panel widget widget_black-studio-tinymce widget_black_studio_tinymce panel-first-child panel-last-child\" data-index=\"1\" ><div class=\"panel-widget-style panel-widget-style-for-145-0-3-0\" ><div class=\"textwidget\"><h1>Utveckling<\/h1>\n<p>Unimetron \u00e5tar sig utvecklingsuppdrag d\u00e4r elektronik och eventuell inb\u00e4ddad programvara enligt kundens \u00f6nskem\u00e5l tas fram. Vi har \u00e4ven erfarenhet av s\u00e5 kallad rekonstruktion (reverse engineering) av kretskort. Har ni ett gammalt kretskort d\u00e4r underlagen saknas s\u00e5 hj\u00e4lper vi er att realisera produkten igen.<\/p>\n<\/div><\/div><\/div><\/div><div id=\"pgc-145-0-4\"  class=\"panel-grid-cell panel-grid-cell-empty\" ><\/div><\/div><\/div><\/div>","protected":false},"excerpt":{"rendered":"<p>Utveckling Unimetron \u00e5tar sig utvecklingsuppdrag d\u00e4r elektronik och eventuell inb\u00e4ddad programvara enligt kundens \u00f6nskem\u00e5l tas fram. Vi har \u00e4ven erfarenhet av s\u00e5 kallad rekonstruktion (reverse engineering) av kretskort. Har ni ett gammalt kretskort d\u00e4r underlagen saknas s\u00e5 hj\u00e4lper vi er att realisera produkten igen.<\/p>\n","protected":false},"author":1,"featured_media":0,"parent":0,"menu_order":0,"comment_status":"closed","ping_status":"closed","template":"","meta":{"footnotes":""},"class_list":["post-145","page","type-page","status-publish","hentry"],"yoast_head":"<!-- This site is optimized with the Yoast SEO plugin v26.6 - https:\/\/yoast.com\/wordpress\/plugins\/seo\/ -->\n<title>Utveckling Unimetron Legotillverkare och konstrukt\u00f6r av elektronik<\/title>\n<meta name=\"description\" content=\"Unimetron \u00e5tar sig utvecklingsuppdrag d\u00e4r elektronik och eventuell inb\u00e4ddad programvara mot kundens \u00f6nskem\u00e5l tas fram.\" \/>\n<meta name=\"robots\" content=\"index, follow, max-snippet:-1, max-image-preview:large, max-video-preview:-1\" \/>\n<link rel=\"canonical\" href=\"https:\/\/unimetron.se\/wp\/?page_id=145\" \/>\n<meta property=\"og:locale\" content=\"sv_SE\" \/>\n<meta property=\"og:type\" content=\"article\" \/>\n<meta property=\"og:title\" content=\"Utveckling Unimetron Legotillverkare och konstrukt\u00f6r av elektronik\" \/>\n<meta property=\"og:description\" content=\"Unimetron \u00e5tar sig utvecklingsuppdrag d\u00e4r elektronik och eventuell inb\u00e4ddad programvara mot kundens \u00f6nskem\u00e5l tas fram.\" \/>\n<meta property=\"og:url\" content=\"https:\/\/unimetron.se\/wp\/?page_id=145\" \/>\n<meta property=\"og:site_name\" content=\"Unimetron\" \/>\n<meta property=\"article:publisher\" content=\"https:\/\/www.facebook.com\/unimetron\/\" \/>\n<meta property=\"article:modified_time\" content=\"2024-12-11T22:21:56+00:00\" \/>\n<meta property=\"og:image\" content=\"https:\/\/unimetron.se\/wp\/wp-content\/uploads\/2015\/11\/Unimetron-favico.jpg\" \/>\n\t<meta property=\"og:image:width\" content=\"208\" \/>\n\t<meta property=\"og:image:height\" content=\"208\" \/>\n\t<meta property=\"og:image:type\" content=\"image\/jpeg\" \/>\n<meta name=\"twitter:card\" content=\"summary_large_image\" \/>\n<meta name=\"twitter:label1\" content=\"Ber\u00e4knad l\u00e4stid\" \/>\n\t<meta name=\"twitter:data1\" content=\"1 minut\" \/>\n<script type=\"application\/ld+json\" class=\"yoast-schema-graph\">{\"@context\":\"https:\/\/schema.org\",\"@graph\":[{\"@type\":\"WebPage\",\"@id\":\"https:\/\/unimetron.se\/wp\/?page_id=145\",\"url\":\"https:\/\/unimetron.se\/wp\/?page_id=145\",\"name\":\"Utveckling Unimetron Legotillverkare och konstrukt\u00f6r av elektronik\",\"isPartOf\":{\"@id\":\"https:\/\/unimetron.se\/wp\/#website\"},\"datePublished\":\"2015-11-20T08:34:51+00:00\",\"dateModified\":\"2024-12-11T22:21:56+00:00\",\"description\":\"Unimetron \u00e5tar sig utvecklingsuppdrag d\u00e4r elektronik och eventuell inb\u00e4ddad programvara mot kundens \u00f6nskem\u00e5l tas fram.\",\"breadcrumb\":{\"@id\":\"https:\/\/unimetron.se\/wp\/?page_id=145#breadcrumb\"},\"inLanguage\":\"sv-SE\",\"potentialAction\":[{\"@type\":\"ReadAction\",\"target\":[\"https:\/\/unimetron.se\/wp\/?page_id=145\"]}]},{\"@type\":\"BreadcrumbList\",\"@id\":\"https:\/\/unimetron.se\/wp\/?page_id=145#breadcrumb\",\"itemListElement\":[{\"@type\":\"ListItem\",\"position\":1,\"name\":\"Hem\",\"item\":\"https:\/\/unimetron.se\/wp\/\"},{\"@type\":\"ListItem\",\"position\":2,\"name\":\"Utveckling\"}]},{\"@type\":\"WebSite\",\"@id\":\"https:\/\/unimetron.se\/wp\/#website\",\"url\":\"https:\/\/unimetron.se\/wp\/\",\"name\":\"Unimetron\",\"description\":\"Legotillverkare och konstrukt\u00f6r av elektronik\",\"publisher\":{\"@id\":\"https:\/\/unimetron.se\/wp\/#organization\"},\"alternateName\":\"Gebax Unimetron\",\"potentialAction\":[{\"@type\":\"SearchAction\",\"target\":{\"@type\":\"EntryPoint\",\"urlTemplate\":\"https:\/\/unimetron.se\/wp\/?s={search_term_string}\"},\"query-input\":{\"@type\":\"PropertyValueSpecification\",\"valueRequired\":true,\"valueName\":\"search_term_string\"}}],\"inLanguage\":\"sv-SE\"},{\"@type\":\"Organization\",\"@id\":\"https:\/\/unimetron.se\/wp\/#organization\",\"name\":\"Unimetron\",\"alternateName\":\"Legotillverkare\",\"url\":\"https:\/\/unimetron.se\/wp\/\",\"logo\":{\"@type\":\"ImageObject\",\"inLanguage\":\"sv-SE\",\"@id\":\"https:\/\/unimetron.se\/wp\/#\/schema\/logo\/image\/\",\"url\":\"https:\/\/unimetron.se\/wp\/wp-content\/uploads\/2015\/11\/Unimetron-favico.jpg\",\"contentUrl\":\"https:\/\/unimetron.se\/wp\/wp-content\/uploads\/2015\/11\/Unimetron-favico.jpg\",\"width\":208,\"height\":208,\"caption\":\"Unimetron\"},\"image\":{\"@id\":\"https:\/\/unimetron.se\/wp\/#\/schema\/logo\/image\/\"},\"sameAs\":[\"https:\/\/www.facebook.com\/unimetron\/\",\"https:\/\/www.linkedin.com\/company\/gebax-ab\"]}]}<\/script>\n<!-- \/ Yoast SEO plugin. -->","yoast_head_json":{"title":"Utveckling Unimetron Legotillverkare och konstrukt\u00f6r av elektronik","description":"Unimetron \u00e5tar sig utvecklingsuppdrag d\u00e4r elektronik och eventuell inb\u00e4ddad programvara mot kundens \u00f6nskem\u00e5l tas fram.","robots":{"index":"index","follow":"follow","max-snippet":"max-snippet:-1","max-image-preview":"max-image-preview:large","max-video-preview":"max-video-preview:-1"},"canonical":"https:\/\/unimetron.se\/wp\/?page_id=145","og_locale":"sv_SE","og_type":"article","og_title":"Utveckling Unimetron Legotillverkare och konstrukt\u00f6r av elektronik","og_description":"Unimetron \u00e5tar sig utvecklingsuppdrag d\u00e4r elektronik och eventuell inb\u00e4ddad programvara mot kundens \u00f6nskem\u00e5l tas fram.","og_url":"https:\/\/unimetron.se\/wp\/?page_id=145","og_site_name":"Unimetron","article_publisher":"https:\/\/www.facebook.com\/unimetron\/","article_modified_time":"2024-12-11T22:21:56+00:00","og_image":[{"width":208,"height":208,"url":"https:\/\/unimetron.se\/wp\/wp-content\/uploads\/2015\/11\/Unimetron-favico.jpg","type":"image\/jpeg"}],"twitter_card":"summary_large_image","twitter_misc":{"Ber\u00e4knad l\u00e4stid":"1 minut"},"schema":{"@context":"https:\/\/schema.org","@graph":[{"@type":"WebPage","@id":"https:\/\/unimetron.se\/wp\/?page_id=145","url":"https:\/\/unimetron.se\/wp\/?page_id=145","name":"Utveckling Unimetron Legotillverkare och konstrukt\u00f6r av elektronik","isPartOf":{"@id":"https:\/\/unimetron.se\/wp\/#website"},"datePublished":"2015-11-20T08:34:51+00:00","dateModified":"2024-12-11T22:21:56+00:00","description":"Unimetron \u00e5tar sig utvecklingsuppdrag d\u00e4r elektronik och eventuell inb\u00e4ddad programvara mot kundens \u00f6nskem\u00e5l tas fram.","breadcrumb":{"@id":"https:\/\/unimetron.se\/wp\/?page_id=145#breadcrumb"},"inLanguage":"sv-SE","potentialAction":[{"@type":"ReadAction","target":["https:\/\/unimetron.se\/wp\/?page_id=145"]}]},{"@type":"BreadcrumbList","@id":"https:\/\/unimetron.se\/wp\/?page_id=145#breadcrumb","itemListElement":[{"@type":"ListItem","position":1,"name":"Hem","item":"https:\/\/unimetron.se\/wp\/"},{"@type":"ListItem","position":2,"name":"Utveckling"}]},{"@type":"WebSite","@id":"https:\/\/unimetron.se\/wp\/#website","url":"https:\/\/unimetron.se\/wp\/","name":"Unimetron","description":"Legotillverkare och konstrukt\u00f6r av elektronik","publisher":{"@id":"https:\/\/unimetron.se\/wp\/#organization"},"alternateName":"Gebax Unimetron","potentialAction":[{"@type":"SearchAction","target":{"@type":"EntryPoint","urlTemplate":"https:\/\/unimetron.se\/wp\/?s={search_term_string}"},"query-input":{"@type":"PropertyValueSpecification","valueRequired":true,"valueName":"search_term_string"}}],"inLanguage":"sv-SE"},{"@type":"Organization","@id":"https:\/\/unimetron.se\/wp\/#organization","name":"Unimetron","alternateName":"Legotillverkare","url":"https:\/\/unimetron.se\/wp\/","logo":{"@type":"ImageObject","inLanguage":"sv-SE","@id":"https:\/\/unimetron.se\/wp\/#\/schema\/logo\/image\/","url":"https:\/\/unimetron.se\/wp\/wp-content\/uploads\/2015\/11\/Unimetron-favico.jpg","contentUrl":"https:\/\/unimetron.se\/wp\/wp-content\/uploads\/2015\/11\/Unimetron-favico.jpg","width":208,"height":208,"caption":"Unimetron"},"image":{"@id":"https:\/\/unimetron.se\/wp\/#\/schema\/logo\/image\/"},"sameAs":["https:\/\/www.facebook.com\/unimetron\/","https:\/\/www.linkedin.com\/company\/gebax-ab"]}]}},"_links":{"self":[{"href":"https:\/\/unimetron.se\/wp\/index.php?rest_route=\/wp\/v2\/pages\/145","targetHints":{"allow":["GET"]}}],"collection":[{"href":"https:\/\/unimetron.se\/wp\/index.php?rest_route=\/wp\/v2\/pages"}],"about":[{"href":"https:\/\/unimetron.se\/wp\/index.php?rest_route=\/wp\/v2\/types\/page"}],"author":[{"embeddable":true,"href":"https:\/\/unimetron.se\/wp\/index.php?rest_route=\/wp\/v2\/users\/1"}],"replies":[{"embeddable":true,"href":"https:\/\/unimetron.se\/wp\/index.php?rest_route=%2Fwp%2Fv2%2Fcomments&post=145"}],"version-history":[{"count":11,"href":"https:\/\/unimetron.se\/wp\/index.php?rest_route=\/wp\/v2\/pages\/145\/revisions"}],"predecessor-version":[{"id":372,"href":"https:\/\/unimetron.se\/wp\/index.php?rest_route=\/wp\/v2\/pages\/145\/revisions\/372"}],"wp:attachment":[{"href":"https:\/\/unimetron.se\/wp\/index.php?rest_route=%2Fwp%2Fv2%2Fmedia&parent=145"}],"curies":[{"name":"wp","href":"https:\/\/api.w.org\/{rel}","templated":true}]}}