{"id":151,"date":"2015-11-20T08:37:06","date_gmt":"2015-11-20T08:37:06","guid":{"rendered":"http:\/\/unimetron.se\/wp\/?page_id=151"},"modified":"2024-12-11T22:45:22","modified_gmt":"2024-12-11T22:45:22","slug":"prototyp","status":"publish","type":"page","link":"https:\/\/unimetron.se\/wp\/?page_id=151","title":{"rendered":"Prototyp"},"content":{"rendered":"<div id=\"pl-151\"  class=\"panel-layout\" ><div id=\"pg-151-0\"  class=\"panel-grid panel-has-style\" ><div style=\"padding-top: 80px; padding-bottom: 80px; \" class=\"panel-row-style panel-row-style-for-151-0\" ><div id=\"pgc-151-0-0\"  class=\"panel-grid-cell panel-grid-cell-empty\" ><\/div><div id=\"pgc-151-0-1\"  class=\"panel-grid-cell\" ><div id=\"panel-151-0-1-0\" class=\"so-panel widget widget_sow-image panel-first-child panel-last-child\" data-index=\"0\" ><div\n\t\t\t\n\t\t\tclass=\"so-widget-sow-image so-widget-sow-image-default-dbf295114b96-151\"\n\t\t\t\n\t\t>\n<div class=\"sow-image-container\">\n\t\t<img \n\tsrc=\"https:\/\/unimetron.se\/wp\/wp-content\/uploads\/2024\/11\/pexels-thisisengineering-3912367-600x800.jpg\" width=\"600\" height=\"800\" sizes=\"(max-width: 600px) 100vw, 600px\" alt=\"Prototype\" \t\tclass=\"so-widget-image\"\/>\n\t<\/div>\n\n<\/div><\/div><\/div><div id=\"pgc-151-0-2\"  class=\"panel-grid-cell panel-grid-cell-empty\" ><\/div><div id=\"pgc-151-0-3\"  class=\"panel-grid-cell panel-grid-cell-mobile-last\" ><div id=\"panel-151-0-3-0\" class=\"so-panel widget widget_black-studio-tinymce widget_black_studio_tinymce panel-first-child panel-last-child\" data-index=\"1\" ><div class=\"textwidget\"><h1>Prototyp<\/h1>\n<p>Innan ett kretskort \u00e4r f\u00e4rdigt f\u00f6r serieproduktion s\u00e5 brukar det beh\u00f6vas en eller flera prototypomg\u00e5ngar f\u00f6r att utv\u00e4rdera att funktionen \u00e4r som t\u00e4nkt. \u00c4r det br\u00e5ttom s\u00e5 har vi v\u00e5r tj\u00e4nst <a href=\"https:\/\/kretskortsexpressen.se\" target=\"_blank\" rel=\"noopener\">Kretskortsexpressen<\/a>, men uppl\u00e4gget i den tj\u00e4nsten medf\u00f6r vissa begr\u00e4nsningar i antal, komplexitet och status p\u00e5 underlag. Vi erbjuder d\u00e4rf\u00f6r ett steg mellan Kretskortsexpressen och normal produktion. Fokus \u00e4r inte lika mycket p\u00e5 snabbhet som i v\u00e5r expresstj\u00e4nst, men vi l\u00f6ser \u00e4nd\u00e5 typiskt leverans av prototyper betydligt snabbare \u00e4n normal produktion.<\/p>\n<p>F\u00f6r kunder som \u00f6nskar att anv\u00e4nda oss f\u00f6r \u00e5terkommande prototyptillverkning s\u00e5 erbjuder vi m\u00f6jligheten att h\u00e5lla ett kundunikt lager av komponenter f\u00f6r att ytterligare \u00f6ka flexibiliteten och snabbheten. Kontakta oss f\u00f6r att diskutera vilken l\u00f6sning som passar er b\u00e4st.<\/p>\n<\/div><\/div><\/div><div id=\"pgc-151-0-4\"  class=\"panel-grid-cell panel-grid-cell-empty\" ><\/div><\/div><\/div><\/div>","protected":false},"excerpt":{"rendered":"<p>Prototyp Innan ett kretskort \u00e4r f\u00e4rdigt f\u00f6r serieproduktion s\u00e5 brukar det beh\u00f6vas en eller flera prototypomg\u00e5ngar f\u00f6r att utv\u00e4rdera att funktionen \u00e4r som t\u00e4nkt. \u00c4r det br\u00e5ttom s\u00e5 har vi v\u00e5r tj\u00e4nst Kretskortsexpressen, men uppl\u00e4gget i den tj\u00e4nsten medf\u00f6r vissa begr\u00e4nsningar i antal, komplexitet och status p\u00e5 underlag. Vi erbjuder d\u00e4rf\u00f6r ett steg mellan Kretskortsexpressen &hellip; <a href=\"https:\/\/unimetron.se\/wp\/?page_id=151\" title=\"Prototyp\" class=\"read-more\">Read More<\/a><\/p>\n","protected":false},"author":1,"featured_media":0,"parent":0,"menu_order":0,"comment_status":"closed","ping_status":"closed","template":"","meta":{"footnotes":""},"class_list":["post-151","page","type-page","status-publish","hentry"],"yoast_head":"<!-- This site is optimized with the Yoast SEO plugin v26.6 - https:\/\/yoast.com\/wordpress\/plugins\/seo\/ -->\n<title>Prototyp Unimetron<\/title>\n<meta name=\"description\" content=\"Unimetron erbjuder tillverkning av h\u00f6gkvalitativa prototyper f\u00f6r dina produkter, inklusive elektroniska kretskort och mekaniska komponenter.\" \/>\n<meta name=\"robots\" content=\"index, follow, max-snippet:-1, max-image-preview:large, max-video-preview:-1\" \/>\n<link rel=\"canonical\" href=\"https:\/\/unimetron.se\/wp\/?page_id=151\" \/>\n<meta property=\"og:locale\" content=\"sv_SE\" \/>\n<meta property=\"og:type\" content=\"article\" \/>\n<meta property=\"og:title\" content=\"Prototyp Unimetron\" \/>\n<meta property=\"og:description\" content=\"Unimetron erbjuder tillverkning av h\u00f6gkvalitativa prototyper f\u00f6r dina produkter, inklusive elektroniska kretskort och mekaniska komponenter.\" \/>\n<meta property=\"og:url\" content=\"https:\/\/unimetron.se\/wp\/?page_id=151\" \/>\n<meta property=\"og:site_name\" content=\"Unimetron\" \/>\n<meta property=\"article:publisher\" content=\"https:\/\/www.facebook.com\/unimetron\/\" \/>\n<meta property=\"article:modified_time\" content=\"2024-12-11T22:45:22+00:00\" \/>\n<meta property=\"og:image\" content=\"https:\/\/unimetron.se\/wp\/wp-content\/uploads\/2015\/11\/Unimetron-favico.jpg\" \/>\n\t<meta property=\"og:image:width\" content=\"208\" \/>\n\t<meta property=\"og:image:height\" content=\"208\" \/>\n\t<meta property=\"og:image:type\" content=\"image\/jpeg\" \/>\n<meta name=\"twitter:card\" content=\"summary_large_image\" \/>\n<meta name=\"twitter:label1\" content=\"Ber\u00e4knad l\u00e4stid\" \/>\n\t<meta name=\"twitter:data1\" content=\"1 minut\" \/>\n<script type=\"application\/ld+json\" class=\"yoast-schema-graph\">{\"@context\":\"https:\/\/schema.org\",\"@graph\":[{\"@type\":\"WebPage\",\"@id\":\"https:\/\/unimetron.se\/wp\/?page_id=151\",\"url\":\"https:\/\/unimetron.se\/wp\/?page_id=151\",\"name\":\"Prototyp Unimetron\",\"isPartOf\":{\"@id\":\"https:\/\/unimetron.se\/wp\/#website\"},\"datePublished\":\"2015-11-20T08:37:06+00:00\",\"dateModified\":\"2024-12-11T22:45:22+00:00\",\"description\":\"Unimetron erbjuder tillverkning av h\u00f6gkvalitativa prototyper f\u00f6r dina produkter, inklusive elektroniska kretskort och mekaniska komponenter.\",\"breadcrumb\":{\"@id\":\"https:\/\/unimetron.se\/wp\/?page_id=151#breadcrumb\"},\"inLanguage\":\"sv-SE\",\"potentialAction\":[{\"@type\":\"ReadAction\",\"target\":[\"https:\/\/unimetron.se\/wp\/?page_id=151\"]}]},{\"@type\":\"BreadcrumbList\",\"@id\":\"https:\/\/unimetron.se\/wp\/?page_id=151#breadcrumb\",\"itemListElement\":[{\"@type\":\"ListItem\",\"position\":1,\"name\":\"Hem\",\"item\":\"https:\/\/unimetron.se\/wp\/\"},{\"@type\":\"ListItem\",\"position\":2,\"name\":\"Prototyp\"}]},{\"@type\":\"WebSite\",\"@id\":\"https:\/\/unimetron.se\/wp\/#website\",\"url\":\"https:\/\/unimetron.se\/wp\/\",\"name\":\"Unimetron\",\"description\":\"Legotillverkare och konstrukt\u00f6r av elektronik\",\"publisher\":{\"@id\":\"https:\/\/unimetron.se\/wp\/#organization\"},\"alternateName\":\"Gebax Unimetron\",\"potentialAction\":[{\"@type\":\"SearchAction\",\"target\":{\"@type\":\"EntryPoint\",\"urlTemplate\":\"https:\/\/unimetron.se\/wp\/?s={search_term_string}\"},\"query-input\":{\"@type\":\"PropertyValueSpecification\",\"valueRequired\":true,\"valueName\":\"search_term_string\"}}],\"inLanguage\":\"sv-SE\"},{\"@type\":\"Organization\",\"@id\":\"https:\/\/unimetron.se\/wp\/#organization\",\"name\":\"Unimetron\",\"alternateName\":\"Legotillverkare\",\"url\":\"https:\/\/unimetron.se\/wp\/\",\"logo\":{\"@type\":\"ImageObject\",\"inLanguage\":\"sv-SE\",\"@id\":\"https:\/\/unimetron.se\/wp\/#\/schema\/logo\/image\/\",\"url\":\"https:\/\/unimetron.se\/wp\/wp-content\/uploads\/2015\/11\/Unimetron-favico.jpg\",\"contentUrl\":\"https:\/\/unimetron.se\/wp\/wp-content\/uploads\/2015\/11\/Unimetron-favico.jpg\",\"width\":208,\"height\":208,\"caption\":\"Unimetron\"},\"image\":{\"@id\":\"https:\/\/unimetron.se\/wp\/#\/schema\/logo\/image\/\"},\"sameAs\":[\"https:\/\/www.facebook.com\/unimetron\/\",\"https:\/\/www.linkedin.com\/company\/gebax-ab\"]}]}<\/script>\n<!-- \/ Yoast SEO plugin. -->","yoast_head_json":{"title":"Prototyp Unimetron","description":"Unimetron erbjuder tillverkning av h\u00f6gkvalitativa prototyper f\u00f6r dina produkter, inklusive elektroniska kretskort och mekaniska komponenter.","robots":{"index":"index","follow":"follow","max-snippet":"max-snippet:-1","max-image-preview":"max-image-preview:large","max-video-preview":"max-video-preview:-1"},"canonical":"https:\/\/unimetron.se\/wp\/?page_id=151","og_locale":"sv_SE","og_type":"article","og_title":"Prototyp Unimetron","og_description":"Unimetron erbjuder tillverkning av h\u00f6gkvalitativa prototyper f\u00f6r dina produkter, inklusive elektroniska kretskort och mekaniska komponenter.","og_url":"https:\/\/unimetron.se\/wp\/?page_id=151","og_site_name":"Unimetron","article_publisher":"https:\/\/www.facebook.com\/unimetron\/","article_modified_time":"2024-12-11T22:45:22+00:00","og_image":[{"width":208,"height":208,"url":"https:\/\/unimetron.se\/wp\/wp-content\/uploads\/2015\/11\/Unimetron-favico.jpg","type":"image\/jpeg"}],"twitter_card":"summary_large_image","twitter_misc":{"Ber\u00e4knad l\u00e4stid":"1 minut"},"schema":{"@context":"https:\/\/schema.org","@graph":[{"@type":"WebPage","@id":"https:\/\/unimetron.se\/wp\/?page_id=151","url":"https:\/\/unimetron.se\/wp\/?page_id=151","name":"Prototyp Unimetron","isPartOf":{"@id":"https:\/\/unimetron.se\/wp\/#website"},"datePublished":"2015-11-20T08:37:06+00:00","dateModified":"2024-12-11T22:45:22+00:00","description":"Unimetron erbjuder tillverkning av h\u00f6gkvalitativa prototyper f\u00f6r dina produkter, inklusive elektroniska kretskort och mekaniska komponenter.","breadcrumb":{"@id":"https:\/\/unimetron.se\/wp\/?page_id=151#breadcrumb"},"inLanguage":"sv-SE","potentialAction":[{"@type":"ReadAction","target":["https:\/\/unimetron.se\/wp\/?page_id=151"]}]},{"@type":"BreadcrumbList","@id":"https:\/\/unimetron.se\/wp\/?page_id=151#breadcrumb","itemListElement":[{"@type":"ListItem","position":1,"name":"Hem","item":"https:\/\/unimetron.se\/wp\/"},{"@type":"ListItem","position":2,"name":"Prototyp"}]},{"@type":"WebSite","@id":"https:\/\/unimetron.se\/wp\/#website","url":"https:\/\/unimetron.se\/wp\/","name":"Unimetron","description":"Legotillverkare och konstrukt\u00f6r av elektronik","publisher":{"@id":"https:\/\/unimetron.se\/wp\/#organization"},"alternateName":"Gebax Unimetron","potentialAction":[{"@type":"SearchAction","target":{"@type":"EntryPoint","urlTemplate":"https:\/\/unimetron.se\/wp\/?s={search_term_string}"},"query-input":{"@type":"PropertyValueSpecification","valueRequired":true,"valueName":"search_term_string"}}],"inLanguage":"sv-SE"},{"@type":"Organization","@id":"https:\/\/unimetron.se\/wp\/#organization","name":"Unimetron","alternateName":"Legotillverkare","url":"https:\/\/unimetron.se\/wp\/","logo":{"@type":"ImageObject","inLanguage":"sv-SE","@id":"https:\/\/unimetron.se\/wp\/#\/schema\/logo\/image\/","url":"https:\/\/unimetron.se\/wp\/wp-content\/uploads\/2015\/11\/Unimetron-favico.jpg","contentUrl":"https:\/\/unimetron.se\/wp\/wp-content\/uploads\/2015\/11\/Unimetron-favico.jpg","width":208,"height":208,"caption":"Unimetron"},"image":{"@id":"https:\/\/unimetron.se\/wp\/#\/schema\/logo\/image\/"},"sameAs":["https:\/\/www.facebook.com\/unimetron\/","https:\/\/www.linkedin.com\/company\/gebax-ab"]}]}},"_links":{"self":[{"href":"https:\/\/unimetron.se\/wp\/index.php?rest_route=\/wp\/v2\/pages\/151","targetHints":{"allow":["GET"]}}],"collection":[{"href":"https:\/\/unimetron.se\/wp\/index.php?rest_route=\/wp\/v2\/pages"}],"about":[{"href":"https:\/\/unimetron.se\/wp\/index.php?rest_route=\/wp\/v2\/types\/page"}],"author":[{"embeddable":true,"href":"https:\/\/unimetron.se\/wp\/index.php?rest_route=\/wp\/v2\/users\/1"}],"replies":[{"embeddable":true,"href":"https:\/\/unimetron.se\/wp\/index.php?rest_route=%2Fwp%2Fv2%2Fcomments&post=151"}],"version-history":[{"count":9,"href":"https:\/\/unimetron.se\/wp\/index.php?rest_route=\/wp\/v2\/pages\/151\/revisions"}],"predecessor-version":[{"id":377,"href":"https:\/\/unimetron.se\/wp\/index.php?rest_route=\/wp\/v2\/pages\/151\/revisions\/377"}],"wp:attachment":[{"href":"https:\/\/unimetron.se\/wp\/index.php?rest_route=%2Fwp%2Fv2%2Fmedia&parent=151"}],"curies":[{"name":"wp","href":"https:\/\/api.w.org\/{rel}","templated":true}]}}