{"id":166,"date":"2015-11-20T09:07:14","date_gmt":"2015-11-20T09:07:14","guid":{"rendered":"http:\/\/unimetron.se\/wp\/?page_id=166"},"modified":"2024-12-11T22:36:19","modified_gmt":"2024-12-11T22:36:19","slug":"boxbuild","status":"publish","type":"page","link":"https:\/\/unimetron.se\/wp\/?page_id=166","title":{"rendered":"Boxbuild"},"content":{"rendered":"<div id=\"pl-166\"  class=\"panel-layout\" ><div id=\"pg-166-0\"  class=\"panel-grid panel-has-style\" ><div style=\"padding-top: 80px; padding-bottom: 80px; \" class=\"panel-row-style panel-row-style-for-166-0\" ><div id=\"pgc-166-0-0\"  class=\"panel-grid-cell panel-grid-cell-empty\" ><\/div><div id=\"pgc-166-0-1\"  class=\"panel-grid-cell\" ><div id=\"panel-166-0-1-0\" class=\"so-panel widget widget_sow-image panel-first-child panel-last-child\" data-index=\"0\" ><div\n\t\t\t\n\t\t\tclass=\"so-widget-sow-image so-widget-sow-image-default-8b5b6f678277-166\"\n\t\t\t\n\t\t>\n<div class=\"sow-image-container\">\n\t\t<img \n\tsrc=\"https:\/\/unimetron.se\/wp\/wp-content\/uploads\/2024\/11\/pexels-david-bartus-43782-690779-600x800.jpg\" width=\"600\" height=\"800\" sizes=\"(max-width: 600px) 100vw, 600px\" alt=\"Boxbuild\" \t\tclass=\"so-widget-image\"\/>\n\t<\/div>\n\n<\/div><\/div><\/div><div id=\"pgc-166-0-2\"  class=\"panel-grid-cell panel-grid-cell-mobile-last\" ><div id=\"panel-166-0-2-0\" class=\"so-panel widget widget_black-studio-tinymce widget_black_studio_tinymce panel-first-child panel-last-child\" data-index=\"1\" ><div class=\"panel-widget-style panel-widget-style-for-166-0-2-0\" ><div class=\"textwidget\"><h1>Boxbuild<\/h1>\n<p>D\u00e5 kunden s\u00e5 \u00f6nskar kan vi montera elektroniken i en kapsling och bygga en komplett produkt. Vi har erfarenhet av att bygga anpassade kompletta produkter enligt \u00f6nskem\u00e5l fr\u00e5n slutkund. Vi kan \u00e4ven sk\u00f6ta lagerh\u00e5llning av kompletta produkter och leverera direkt till slutkund.<\/p>\n<p>&nbsp;<\/p>\n<\/div><\/div><\/div><\/div><div id=\"pgc-166-0-3\"  class=\"panel-grid-cell panel-grid-cell-empty\" ><\/div><\/div><\/div><\/div>","protected":false},"excerpt":{"rendered":"<p>Boxbuild D\u00e5 kunden s\u00e5 \u00f6nskar kan vi montera elektroniken i en kapsling och bygga en komplett produkt. Vi har erfarenhet av att bygga anpassade kompletta produkter enligt \u00f6nskem\u00e5l fr\u00e5n slutkund. Vi kan \u00e4ven sk\u00f6ta lagerh\u00e5llning av kompletta produkter och leverera direkt till slutkund. &nbsp;<\/p>\n","protected":false},"author":1,"featured_media":0,"parent":0,"menu_order":0,"comment_status":"closed","ping_status":"closed","template":"","meta":{"footnotes":""},"class_list":["post-166","page","type-page","status-publish","hentry"],"yoast_head":"<!-- This site is optimized with the Yoast SEO plugin v26.6 - https:\/\/yoast.com\/wordpress\/plugins\/seo\/ -->\n<title>Boxbuild Unimetron<\/title>\n<meta name=\"description\" content=\"Vi kan vid \u00f6nskem\u00e5l leverera kompletta produkter genom att erbjuda slutmontering, d\u00e4r vi monterar kretskorten i olika sorters kapslingar\" \/>\n<meta name=\"robots\" content=\"index, follow, max-snippet:-1, max-image-preview:large, max-video-preview:-1\" \/>\n<link rel=\"canonical\" href=\"https:\/\/unimetron.se\/wp\/?page_id=166\" \/>\n<meta property=\"og:locale\" content=\"sv_SE\" \/>\n<meta property=\"og:type\" content=\"article\" \/>\n<meta property=\"og:title\" content=\"Boxbuild Unimetron\" \/>\n<meta property=\"og:description\" content=\"Vi kan vid \u00f6nskem\u00e5l leverera kompletta produkter genom att erbjuda slutmontering, d\u00e4r vi monterar kretskorten i olika sorters kapslingar\" \/>\n<meta property=\"og:url\" content=\"https:\/\/unimetron.se\/wp\/?page_id=166\" \/>\n<meta property=\"og:site_name\" content=\"Unimetron\" \/>\n<meta property=\"article:publisher\" content=\"https:\/\/www.facebook.com\/unimetron\/\" \/>\n<meta property=\"article:modified_time\" content=\"2024-12-11T22:36:19+00:00\" \/>\n<meta property=\"og:image\" content=\"https:\/\/unimetron.se\/wp\/wp-content\/uploads\/2015\/11\/Unimetron-favico.jpg\" \/>\n\t<meta property=\"og:image:width\" content=\"208\" \/>\n\t<meta property=\"og:image:height\" content=\"208\" \/>\n\t<meta property=\"og:image:type\" content=\"image\/jpeg\" \/>\n<meta name=\"twitter:card\" content=\"summary_large_image\" \/>\n<meta name=\"twitter:label1\" content=\"Ber\u00e4knad l\u00e4stid\" \/>\n\t<meta name=\"twitter:data1\" content=\"1 minut\" \/>\n<script type=\"application\/ld+json\" class=\"yoast-schema-graph\">{\"@context\":\"https:\/\/schema.org\",\"@graph\":[{\"@type\":\"WebPage\",\"@id\":\"https:\/\/unimetron.se\/wp\/?page_id=166\",\"url\":\"https:\/\/unimetron.se\/wp\/?page_id=166\",\"name\":\"Boxbuild Unimetron\",\"isPartOf\":{\"@id\":\"https:\/\/unimetron.se\/wp\/#website\"},\"datePublished\":\"2015-11-20T09:07:14+00:00\",\"dateModified\":\"2024-12-11T22:36:19+00:00\",\"description\":\"Vi kan vid \u00f6nskem\u00e5l leverera kompletta produkter genom att erbjuda slutmontering, d\u00e4r vi monterar kretskorten i olika sorters kapslingar\",\"breadcrumb\":{\"@id\":\"https:\/\/unimetron.se\/wp\/?page_id=166#breadcrumb\"},\"inLanguage\":\"sv-SE\",\"potentialAction\":[{\"@type\":\"ReadAction\",\"target\":[\"https:\/\/unimetron.se\/wp\/?page_id=166\"]}]},{\"@type\":\"BreadcrumbList\",\"@id\":\"https:\/\/unimetron.se\/wp\/?page_id=166#breadcrumb\",\"itemListElement\":[{\"@type\":\"ListItem\",\"position\":1,\"name\":\"Hem\",\"item\":\"https:\/\/unimetron.se\/wp\/\"},{\"@type\":\"ListItem\",\"position\":2,\"name\":\"Boxbuild\"}]},{\"@type\":\"WebSite\",\"@id\":\"https:\/\/unimetron.se\/wp\/#website\",\"url\":\"https:\/\/unimetron.se\/wp\/\",\"name\":\"Unimetron\",\"description\":\"Legotillverkare och konstrukt\u00f6r av elektronik\",\"publisher\":{\"@id\":\"https:\/\/unimetron.se\/wp\/#organization\"},\"alternateName\":\"Gebax Unimetron\",\"potentialAction\":[{\"@type\":\"SearchAction\",\"target\":{\"@type\":\"EntryPoint\",\"urlTemplate\":\"https:\/\/unimetron.se\/wp\/?s={search_term_string}\"},\"query-input\":{\"@type\":\"PropertyValueSpecification\",\"valueRequired\":true,\"valueName\":\"search_term_string\"}}],\"inLanguage\":\"sv-SE\"},{\"@type\":\"Organization\",\"@id\":\"https:\/\/unimetron.se\/wp\/#organization\",\"name\":\"Unimetron\",\"alternateName\":\"Legotillverkare\",\"url\":\"https:\/\/unimetron.se\/wp\/\",\"logo\":{\"@type\":\"ImageObject\",\"inLanguage\":\"sv-SE\",\"@id\":\"https:\/\/unimetron.se\/wp\/#\/schema\/logo\/image\/\",\"url\":\"https:\/\/unimetron.se\/wp\/wp-content\/uploads\/2015\/11\/Unimetron-favico.jpg\",\"contentUrl\":\"https:\/\/unimetron.se\/wp\/wp-content\/uploads\/2015\/11\/Unimetron-favico.jpg\",\"width\":208,\"height\":208,\"caption\":\"Unimetron\"},\"image\":{\"@id\":\"https:\/\/unimetron.se\/wp\/#\/schema\/logo\/image\/\"},\"sameAs\":[\"https:\/\/www.facebook.com\/unimetron\/\",\"https:\/\/www.linkedin.com\/company\/gebax-ab\"]}]}<\/script>\n<!-- \/ Yoast SEO plugin. -->","yoast_head_json":{"title":"Boxbuild Unimetron","description":"Vi kan vid \u00f6nskem\u00e5l leverera kompletta produkter genom att erbjuda slutmontering, d\u00e4r vi monterar kretskorten i olika sorters kapslingar","robots":{"index":"index","follow":"follow","max-snippet":"max-snippet:-1","max-image-preview":"max-image-preview:large","max-video-preview":"max-video-preview:-1"},"canonical":"https:\/\/unimetron.se\/wp\/?page_id=166","og_locale":"sv_SE","og_type":"article","og_title":"Boxbuild Unimetron","og_description":"Vi kan vid \u00f6nskem\u00e5l leverera kompletta produkter genom att erbjuda slutmontering, d\u00e4r vi monterar kretskorten i olika sorters kapslingar","og_url":"https:\/\/unimetron.se\/wp\/?page_id=166","og_site_name":"Unimetron","article_publisher":"https:\/\/www.facebook.com\/unimetron\/","article_modified_time":"2024-12-11T22:36:19+00:00","og_image":[{"width":208,"height":208,"url":"https:\/\/unimetron.se\/wp\/wp-content\/uploads\/2015\/11\/Unimetron-favico.jpg","type":"image\/jpeg"}],"twitter_card":"summary_large_image","twitter_misc":{"Ber\u00e4knad l\u00e4stid":"1 minut"},"schema":{"@context":"https:\/\/schema.org","@graph":[{"@type":"WebPage","@id":"https:\/\/unimetron.se\/wp\/?page_id=166","url":"https:\/\/unimetron.se\/wp\/?page_id=166","name":"Boxbuild Unimetron","isPartOf":{"@id":"https:\/\/unimetron.se\/wp\/#website"},"datePublished":"2015-11-20T09:07:14+00:00","dateModified":"2024-12-11T22:36:19+00:00","description":"Vi kan vid \u00f6nskem\u00e5l leverera kompletta produkter genom att erbjuda slutmontering, d\u00e4r vi monterar kretskorten i olika sorters kapslingar","breadcrumb":{"@id":"https:\/\/unimetron.se\/wp\/?page_id=166#breadcrumb"},"inLanguage":"sv-SE","potentialAction":[{"@type":"ReadAction","target":["https:\/\/unimetron.se\/wp\/?page_id=166"]}]},{"@type":"BreadcrumbList","@id":"https:\/\/unimetron.se\/wp\/?page_id=166#breadcrumb","itemListElement":[{"@type":"ListItem","position":1,"name":"Hem","item":"https:\/\/unimetron.se\/wp\/"},{"@type":"ListItem","position":2,"name":"Boxbuild"}]},{"@type":"WebSite","@id":"https:\/\/unimetron.se\/wp\/#website","url":"https:\/\/unimetron.se\/wp\/","name":"Unimetron","description":"Legotillverkare och konstrukt\u00f6r av elektronik","publisher":{"@id":"https:\/\/unimetron.se\/wp\/#organization"},"alternateName":"Gebax Unimetron","potentialAction":[{"@type":"SearchAction","target":{"@type":"EntryPoint","urlTemplate":"https:\/\/unimetron.se\/wp\/?s={search_term_string}"},"query-input":{"@type":"PropertyValueSpecification","valueRequired":true,"valueName":"search_term_string"}}],"inLanguage":"sv-SE"},{"@type":"Organization","@id":"https:\/\/unimetron.se\/wp\/#organization","name":"Unimetron","alternateName":"Legotillverkare","url":"https:\/\/unimetron.se\/wp\/","logo":{"@type":"ImageObject","inLanguage":"sv-SE","@id":"https:\/\/unimetron.se\/wp\/#\/schema\/logo\/image\/","url":"https:\/\/unimetron.se\/wp\/wp-content\/uploads\/2015\/11\/Unimetron-favico.jpg","contentUrl":"https:\/\/unimetron.se\/wp\/wp-content\/uploads\/2015\/11\/Unimetron-favico.jpg","width":208,"height":208,"caption":"Unimetron"},"image":{"@id":"https:\/\/unimetron.se\/wp\/#\/schema\/logo\/image\/"},"sameAs":["https:\/\/www.facebook.com\/unimetron\/","https:\/\/www.linkedin.com\/company\/gebax-ab"]}]}},"_links":{"self":[{"href":"https:\/\/unimetron.se\/wp\/index.php?rest_route=\/wp\/v2\/pages\/166","targetHints":{"allow":["GET"]}}],"collection":[{"href":"https:\/\/unimetron.se\/wp\/index.php?rest_route=\/wp\/v2\/pages"}],"about":[{"href":"https:\/\/unimetron.se\/wp\/index.php?rest_route=\/wp\/v2\/types\/page"}],"author":[{"embeddable":true,"href":"https:\/\/unimetron.se\/wp\/index.php?rest_route=\/wp\/v2\/users\/1"}],"replies":[{"embeddable":true,"href":"https:\/\/unimetron.se\/wp\/index.php?rest_route=%2Fwp%2Fv2%2Fcomments&post=166"}],"version-history":[{"count":8,"href":"https:\/\/unimetron.se\/wp\/index.php?rest_route=\/wp\/v2\/pages\/166\/revisions"}],"predecessor-version":[{"id":376,"href":"https:\/\/unimetron.se\/wp\/index.php?rest_route=\/wp\/v2\/pages\/166\/revisions\/376"}],"wp:attachment":[{"href":"https:\/\/unimetron.se\/wp\/index.php?rest_route=%2Fwp%2Fv2%2Fmedia&parent=166"}],"curies":[{"name":"wp","href":"https:\/\/api.w.org\/{rel}","templated":true}]}}